{"id":86,"date":"2018-03-24T16:37:58","date_gmt":"2018-03-24T15:37:58","guid":{"rendered":"http:\/\/haarartistalex.de\/?page_id=86"},"modified":"2021-09-20T11:41:31","modified_gmt":"2021-09-20T09:41:31","slug":"impressum","status":"publish","type":"page","link":"https:\/\/haarartistalex.de\/?page_id=86","title":{"rendered":"Impressum"},"content":{"rendered":"<h2><span style=\"font-weight: 400;\">Verantwortlich f\u00fcr den Inhalt:<\/span><\/h2>\n<p><span style=\"font-weight: 400;\">Friseursalon Haarartist Alex<\/span><\/p>\n<p><span style=\"font-weight: 400;\">Inhaberin Alexandra Mader<\/span><\/p>\n<p><span style=\"font-weight: 400;\">Friseurmeisterin<\/span><\/p>\n<p><span style=\"font-weight: 400;\">Dreiburgenstr. 1<\/span><\/p>\n<p><span style=\"font-weight: 400;\">94104 Tittling<\/span><\/p>\n<p><span style=\"font-weight: 400;\">Telefon: 08504\/2834<\/span><\/p>\n<p><span style=\"font-weight: 400;\">E-Mail: <\/span><a href=\"mailto:info@haarartistalex.de\"><span style=\"font-weight: 400;\">info@haarartistalex.de<\/span><\/a><\/p>\n<p><span style=\"font-weight: 400;\">Umsatzsteuer-Identifikationsnummer gem. \u00a727 a UStG: DE184192494<\/span><\/p>\n<p><span style=\"font-weight: 400;\">Zust\u00e4ndige Handwerkskammer: <\/span><span style=\"font-weight: 400;\">Niederbayern\/Oberpfalz<\/span><\/p>\n<p><span style=\"font-weight: 400;\">Berufsbezeichnung: Friseurmeisterin<\/span><\/p>\n<h2><b>Angaben zur Berufshaftplicht:<\/b><\/h2>\n<p><span style=\"font-weight: 400;\">Versicherer:<\/span><\/p>\n<p>Versicherungskammer Bayern<\/p>\n<p>Maximilianstr. 53<\/p>\n<p>80530 M\u00fcnchen<\/p>\n<p><span style=\"font-weight: 400;\">Geltungsbereich:<\/span><span style=\"font-weight: 400;\"><br \/>\n<\/span><span style=\"font-weight: 400;\">Deutschland<\/span><\/p>\n<h2><b>Hinweis f\u00fcr Verbraucher:<\/b><\/h2>\n<p><span style=\"font-weight: 400;\">Plattform der Europ\u00e4ischen Kommission zur Online-Streitbeilegung (OS) f\u00fcr Verbraucher: <\/span><a href=\"https:\/\/ec.europa.eu\/consumers\/odr\/\"><span style=\"font-weight: 400;\">https:\/\/ec.europa.eu\/consumers\/odr\/<\/span><\/a><\/p>\n<p><span style=\"font-weight: 400;\">Wir sind nicht bereit und nicht verpflichtet, an einem Streitbeilegungsverfahren vor einer Verbraucherschlichtungsstelle teilzunehmen.<\/span><\/p>\n<h2><b>Haftung f\u00fcr Inhalte<\/b><\/h2>\n<p><span style=\"font-weight: 400;\">Als Diensteanbieter sind wir f\u00fcr eigene Inhalte auf diesen Seiten nach den allgemeinen Gesetzen verantwortlich. Als Diensteanbieter sind wir jedoch nicht verpflichtet, \u00fcbermittelte oder gespeicherte fremde Informationen zu \u00fcberwachen oder nach Umst\u00e4nden zu forschen, die auf eine rechtswidrige T\u00e4tigkeit hinweisen. Verpflichtungen zur Entfernung oder Sperrung der Nutzung von Informationen nach den allgemeinen<\/span><\/p>\n<p><span style=\"font-weight: 400;\">Gesetzen bleiben hiervon unber\u00fchrt. Eine diesbez\u00fcgliche Haftung ist jedoch erst ab dem Zeitpunkt der<\/span><\/p>\n<p><span style=\"font-weight: 400;\">Kenntnis einer konkreten Rechtsverletzung m\u00f6glich. Bei Bekanntwerden von entsprechenden<\/span><\/p>\n<p><span style=\"font-weight: 400;\">Rechtsverletzungen werden wir diese Inhalte umgehend entfernen.<\/span><\/p>\n<h2><b>Urheberrechte<\/b><\/h2>\n<p><span style=\"font-weight: 400;\">Die Inhalte auf dieser Webseite sind urheberrechtlich gesch\u00fctzt. Die Vervielf\u00e4ltigung, Bearbeitung, Verbreitung und jede Art der Verwertung au\u00dferhalb der Grenzen des Urheberrechtes bed\u00fcrfen der schriftlichen Zustimmung des jeweiligen Autors bzw. Erstellers. Downloads und Kopien dieser Seite sind nur f\u00fcr den privaten, nicht kommerziellen Gebrauch gestattet.<\/span><\/p>\n<p><span style=\"font-weight: 400;\">Soweit die Inhalte auf dieser Seite nicht vom Betreiber erstellt wurden, werden die Urheberrechte Dritter beachtet. Insbesondere werden Inhalte Dritter als solche gekennzeichnet. Sollten Sie trotzdem auf eine Urheberrechtsverletzung aufmerksam werden, bitten wir um einen entsprechenden Hinweis. Bei Bekanntwerden von Rechtsverletzungen werden wir derartige Inhalte umgehend entfernen.<\/span><\/p>\n","protected":false},"excerpt":{"rendered":"<p>Verantwortlich f\u00fcr den Inhalt: Friseursalon Haarartist Alex Inhaberin Alexandra Mader Friseurmeisterin Dreiburgenstr. 1 94104 Tittling Telefon: 08504\/2834 E-Mail: info@haarartistalex.de Umsatzsteuer-Identifikationsnummer gem. \u00a727 a UStG: DE184192494 Zust\u00e4ndige Handwerkskammer: Niederbayern\/Oberpfalz Berufsbezeichnung: Friseurmeisterin Angaben zur Berufshaftplicht: Versicherer: Versicherungskammer Bayern Maximilianstr. 53 80530 M\u00fcnchen Geltungsbereich: Deutschland Hinweis f\u00fcr Verbraucher: Plattform der Europ\u00e4ischen Kommission zur Online-Streitbeilegung (OS) f\u00fcr Verbraucher: https:\/\/ec.europa.eu\/consumers\/odr\/ &hellip; <\/p>\n<p class=\"link-more\"><a href=\"https:\/\/haarartistalex.de\/?page_id=86\" class=\"more-link\"><span class=\"screen-reader-text\">\u201eImpressum\u201c <\/span>weiterlesen<\/a><\/p>\n","protected":false},"author":1,"featured_media":0,"parent":0,"menu_order":0,"comment_status":"closed","ping_status":"closed","template":"","meta":{"footnotes":""},"class_list":["post-86","page","type-page","status-publish","hentry"],"_links":{"self":[{"href":"https:\/\/haarartistalex.de\/index.php?rest_route=\/wp\/v2\/pages\/86","targetHints":{"allow":["GET"]}}],"collection":[{"href":"https:\/\/haarartistalex.de\/index.php?rest_route=\/wp\/v2\/pages"}],"about":[{"href":"https:\/\/haarartistalex.de\/index.php?rest_route=\/wp\/v2\/types\/page"}],"author":[{"embeddable":true,"href":"https:\/\/haarartistalex.de\/index.php?rest_route=\/wp\/v2\/users\/1"}],"replies":[{"embeddable":true,"href":"https:\/\/haarartistalex.de\/index.php?rest_route=%2Fwp%2Fv2%2Fcomments&post=86"}],"version-history":[{"count":7,"href":"https:\/\/haarartistalex.de\/index.php?rest_route=\/wp\/v2\/pages\/86\/revisions"}],"predecessor-version":[{"id":18577,"href":"https:\/\/haarartistalex.de\/index.php?rest_route=\/wp\/v2\/pages\/86\/revisions\/18577"}],"wp:attachment":[{"href":"https:\/\/haarartistalex.de\/index.php?rest_route=%2Fwp%2Fv2%2Fmedia&parent=86"}],"curies":[{"name":"wp","href":"https:\/\/api.w.org\/{rel}","templated":true}]}}